{"id":443,"date":"2023-10-17T12:00:00","date_gmt":"2023-10-17T12:00:00","guid":{"rendered":"https:\/\/asierymaria.com\/?page_id=443"},"modified":"2024-12-21T17:33:15","modified_gmt":"2024-12-21T17:33:15","slug":"donde-dormir","status":"publish","type":"page","link":"https:\/\/asierymaria.com\/index.php\/donde-dormir\/","title":{"rendered":"D\u00f3nde dormir"},"content":{"rendered":"\n<p><strong>\u00a1Reserva tu alojamiento para la boda!<\/strong><\/p>\n\n\n\n<p>Queridos invitados,<\/p>\n\n\n\n<p>Para hacer de este d\u00eda a\u00fan m\u00e1s especial, ten\u00e9is varias opciones de alojamiento cercanas para vuestra comodidad. Si lo necesit\u00e1is, podr\u00e9is reservar entre los siguientes hoteles:<\/p>\n\n\n\n<p>1. <strong>Hotel Tamarises<\/strong><\/p>\n\n\n\n<p>Junto al restaurante se encuentra el <a href=\"https:\/\/www.petitpalacetamarises.com\/\">Hotel Petit Palace Tamarises<\/a>.<\/p>\n\n\n\n<p><\/p>\n\n\n\n<div style=\"height:40px\" aria-hidden=\"true\" class=\"wp-block-spacer\"><\/div>\n\n\n\n<p>2. <strong>Hotel NH la Avanzada<\/strong><\/p>\n\n\n\n<p>El Hotel <a href=\"https:\/\/www.nh-hotels.com\/en\/hotel\/nh-la-avanzada?utm_campaign=local-gmb&amp;utm_medium=organic_search&amp;utm_source=google_gmb\">NH la avanzada<\/a>, se encuentra en la avanzada de Leioa.<\/p>\n\n\n\n<div style=\"height:40px\" aria-hidden=\"true\" class=\"wp-block-spacer\"><\/div>\n\n\n\n<p>3. <strong>Otros<\/strong><\/p>\n\n\n\n<p>Hay m\u00e1s hoteles cerca del lugar del evento, para que pod\u00e1is disfrutar de la boda sin preocupaciones.<\/p>\n\n\n\n<p>\u00a1Os esperamos con mucha ilusi\u00f3n!<\/p>\n\n\n<div class=\"wp-block-image is-style-rounded\">\n<figure class=\"aligncenter size-large\"><img fetchpriority=\"high\" decoding=\"async\" width=\"1024\" height=\"813\" src=\"http:\/\/asierymaria.com\/wp-content\/uploads\/2024\/10\/hoteles-1024x813.png\" alt=\"\" class=\"wp-image-449\" srcset=\"https:\/\/asierymaria.com\/wp-content\/uploads\/2024\/10\/hoteles-1024x813.png 1024w, https:\/\/asierymaria.com\/wp-content\/uploads\/2024\/10\/hoteles-300x238.png 300w, https:\/\/asierymaria.com\/wp-content\/uploads\/2024\/10\/hoteles-768x610.png 768w, https:\/\/asierymaria.com\/wp-content\/uploads\/2024\/10\/hoteles.png 1396w\" sizes=\"(max-width: 1024px) 100vw, 1024px\" \/><\/figure>\n<\/div>\n\n\n<div style=\"height:40px\" aria-hidden=\"true\" class=\"wp-block-spacer\"><\/div>\n\n\n\n<div class=\"wp-block-buttons is-content-justification-center is-layout-flex wp-container-core-buttons-is-layout-16018d1d wp-block-buttons-is-layout-flex\">\n<div class=\"wp-block-button is-style-fill\"><a class=\"wp-block-button__link wp-element-button\" href=\"https:\/\/asierymaria.com\">volver al inicio<\/a><\/div>\n<\/div>\n\n\n\n<div style=\"height:40px\" aria-hidden=\"true\" class=\"wp-block-spacer\"><\/div>\n\n\n<div class=\"wp-block-image is-style-rounded\">\n<figure class=\"aligncenter size-full\"><img decoding=\"async\" width=\"500\" height=\"500\" src=\"http:\/\/asierymaria.com\/wp-content\/uploads\/2024\/08\/Cream-and-Black-Classic-Circular-Wedding-Monogram-Logo.png\" alt=\"\" class=\"wp-image-90\" srcset=\"https:\/\/asierymaria.com\/wp-content\/uploads\/2024\/08\/Cream-and-Black-Classic-Circular-Wedding-Monogram-Logo.png 500w, https:\/\/asierymaria.com\/wp-content\/uploads\/2024\/08\/Cream-and-Black-Classic-Circular-Wedding-Monogram-Logo-300x300.png 300w, https:\/\/asierymaria.com\/wp-content\/uploads\/2024\/08\/Cream-and-Black-Classic-Circular-Wedding-Monogram-Logo-150x150.png 150w\" sizes=\"(max-width: 500px) 100vw, 500px\" \/><\/figure>\n<\/div>","protected":false},"excerpt":{"rendered":"<p>\u00a1Reserva tu alojamiento para la boda! Queridos invitados, Para hacer de este d\u00eda a\u00fan m\u00e1s especial, ten\u00e9is varias opciones de alojamiento cercanas para vuestra comodidad. Si lo necesit\u00e1is, podr\u00e9is reservar entre los siguientes hoteles: 1. Hotel Tamarises Junto al restaurante se encuentra el Hotel Petit Palace Tamarises. 2. Hotel NH la Avanzada El Hotel NH [&hellip;]<\/p>\n","protected":false},"author":1,"featured_media":0,"parent":0,"menu_order":0,"comment_status":"closed","ping_status":"closed","template":"","meta":{"footnotes":""},"class_list":["post-443","page","type-page","status-publish","hentry"],"_links":{"self":[{"href":"https:\/\/asierymaria.com\/index.php\/wp-json\/wp\/v2\/pages\/443","targetHints":{"allow":["GET"]}}],"collection":[{"href":"https:\/\/asierymaria.com\/index.php\/wp-json\/wp\/v2\/pages"}],"about":[{"href":"https:\/\/asierymaria.com\/index.php\/wp-json\/wp\/v2\/types\/page"}],"author":[{"embeddable":true,"href":"https:\/\/asierymaria.com\/index.php\/wp-json\/wp\/v2\/users\/1"}],"replies":[{"embeddable":true,"href":"https:\/\/asierymaria.com\/index.php\/wp-json\/wp\/v2\/comments?post=443"}],"version-history":[{"count":15,"href":"https:\/\/asierymaria.com\/index.php\/wp-json\/wp\/v2\/pages\/443\/revisions"}],"predecessor-version":[{"id":550,"href":"https:\/\/asierymaria.com\/index.php\/wp-json\/wp\/v2\/pages\/443\/revisions\/550"}],"wp:attachment":[{"href":"https:\/\/asierymaria.com\/index.php\/wp-json\/wp\/v2\/media?parent=443"}],"curies":[{"name":"wp","href":"https:\/\/api.w.org\/{rel}","templated":true}]}}