{"id":114,"date":"2023-10-17T12:00:00","date_gmt":"2023-10-17T12:00:00","guid":{"rendered":"https:\/\/asierymaria.com\/?page_id=114"},"modified":"2024-12-22T09:18:48","modified_gmt":"2024-12-22T09:18:48","slug":"como-llegar","status":"publish","type":"page","link":"https:\/\/asierymaria.com\/index.php\/como-llegar\/","title":{"rendered":"C\u00f3mo llegar"},"content":{"rendered":"\n<div style=\"height:35px\" aria-hidden=\"true\" class=\"wp-block-spacer\"><\/div>\n\n\n\n<p>Para llegar, habr\u00e1 opci\u00f3n de autob\u00fas privado desde Galdakao, pasando por la explanada de San Mam\u00e9s, junto a la salida del ascensor del metro. Desde ah\u00ed, os llevar\u00e1 al restaurante y, al finalizar la fiesta, volver\u00e1 a la misma explanada de San Mam\u00e9s, y a Galdakao.<\/p>\n\n\n\n<p>Si os anim\u00e1is a esta opci\u00f3n, indicadlo en la web, en el enlace \u00abconfirma tu asistencia\u00bb, y marcad la casilla correspondiente.<\/p>\n\n\n<div class=\"wp-block-image\">\n<figure class=\"aligncenter size-large\"><img fetchpriority=\"high\" decoding=\"async\" width=\"1024\" height=\"787\" src=\"https:\/\/asierymaria.com\/wp-content\/uploads\/2024\/12\/Transporte-Boda-3-1024x787.png\" alt=\"\" class=\"wp-image-556\" srcset=\"https:\/\/asierymaria.com\/wp-content\/uploads\/2024\/12\/Transporte-Boda-3-1024x787.png 1024w, https:\/\/asierymaria.com\/wp-content\/uploads\/2024\/12\/Transporte-Boda-3-300x231.png 300w, https:\/\/asierymaria.com\/wp-content\/uploads\/2024\/12\/Transporte-Boda-3-768x590.png 768w, https:\/\/asierymaria.com\/wp-content\/uploads\/2024\/12\/Transporte-Boda-3-1536x1180.png 1536w, https:\/\/asierymaria.com\/wp-content\/uploads\/2024\/12\/Transporte-Boda-3.png 2038w\" sizes=\"(max-width: 1024px) 100vw, 1024px\" \/><\/figure>\n<\/div>\n\n\n<div style=\"height:35px\" aria-hidden=\"true\" class=\"wp-block-spacer\"><\/div>\n\n\n\n<p>Como alternativa, si no quer\u00e9is ir hasta San Mam\u00e9s, hay metro y Bizkaibus. Os dejamos un peque\u00f1o mapa para que ve\u00e1is d\u00f3nde queda cada parada.<\/p>\n\n\n<div class=\"wp-block-image\">\n<figure class=\"aligncenter size-large\"><img decoding=\"async\" width=\"1024\" height=\"787\" src=\"http:\/\/asierymaria.com\/wp-content\/uploads\/2024\/10\/Metro-1024x787.png\" alt=\"\" class=\"wp-image-425\" srcset=\"https:\/\/asierymaria.com\/wp-content\/uploads\/2024\/10\/Metro-1024x787.png 1024w, https:\/\/asierymaria.com\/wp-content\/uploads\/2024\/10\/Metro-300x231.png 300w, https:\/\/asierymaria.com\/wp-content\/uploads\/2024\/10\/Metro-768x590.png 768w, https:\/\/asierymaria.com\/wp-content\/uploads\/2024\/10\/Metro-1536x1180.png 1536w, https:\/\/asierymaria.com\/wp-content\/uploads\/2024\/10\/Metro.png 2038w\" sizes=\"(max-width: 1024px) 100vw, 1024px\" \/><\/figure>\n<\/div>\n\n\n<p><\/p>\n\n\n<div class=\"wp-block-image\">\n<figure class=\"aligncenter size-large\"><img decoding=\"async\" width=\"1024\" height=\"787\" src=\"http:\/\/asierymaria.com\/wp-content\/uploads\/2024\/10\/BizkaiBus-1024x787.png\" alt=\"\" class=\"wp-image-423\" srcset=\"https:\/\/asierymaria.com\/wp-content\/uploads\/2024\/10\/BizkaiBus-1024x787.png 1024w, https:\/\/asierymaria.com\/wp-content\/uploads\/2024\/10\/BizkaiBus-300x231.png 300w, https:\/\/asierymaria.com\/wp-content\/uploads\/2024\/10\/BizkaiBus-768x590.png 768w, https:\/\/asierymaria.com\/wp-content\/uploads\/2024\/10\/BizkaiBus-1536x1180.png 1536w, https:\/\/asierymaria.com\/wp-content\/uploads\/2024\/10\/BizkaiBus.png 2038w\" sizes=\"(max-width: 1024px) 100vw, 1024px\" \/><\/figure>\n<\/div>\n\n\n<div style=\"height:35px\" aria-hidden=\"true\" class=\"wp-block-spacer\"><\/div>\n\n\n\n<p>Tambi\u00e9n, para todos los que dese\u00e9is ir en coche, en abril no hay OTA en la zona, aunque hay pocas plazas de aparcamiento.<\/p>\n\n\n\n<p>Como alternativa, cerca est\u00e1 el parking del Puerto deportivo de Getxo.<\/p>\n\n\n<div class=\"wp-block-image is-style-default\">\n<figure class=\"aligncenter size-large\"><img loading=\"lazy\" decoding=\"async\" width=\"1024\" height=\"822\" src=\"http:\/\/asierymaria.com\/wp-content\/uploads\/2024\/10\/parking-1024x822.png\" alt=\"\" class=\"wp-image-430\" srcset=\"https:\/\/asierymaria.com\/wp-content\/uploads\/2024\/10\/parking-1024x822.png 1024w, https:\/\/asierymaria.com\/wp-content\/uploads\/2024\/10\/parking-300x241.png 300w, https:\/\/asierymaria.com\/wp-content\/uploads\/2024\/10\/parking-768x617.png 768w, https:\/\/asierymaria.com\/wp-content\/uploads\/2024\/10\/parking.png 1522w\" sizes=\"(max-width: 1024px) 100vw, 1024px\" \/><\/figure>\n<\/div>\n\n\n<div style=\"height:40px\" aria-hidden=\"true\" class=\"wp-block-spacer\"><\/div>\n\n\n\n<div class=\"wp-block-buttons is-content-justification-center is-layout-flex wp-container-core-buttons-is-layout-16018d1d wp-block-buttons-is-layout-flex\">\n<div class=\"wp-block-button\"><a class=\"wp-block-button__link wp-element-button\" href=\"https:\/\/asierymaria.com\">volver al inicio<\/a><\/div>\n<\/div>\n\n\n\n<div style=\"height:100px\" aria-hidden=\"true\" class=\"wp-block-spacer\"><\/div>\n\n\n<div class=\"wp-block-image is-style-rounded\">\n<figure class=\"aligncenter size-full\"><img loading=\"lazy\" decoding=\"async\" width=\"500\" height=\"500\" src=\"http:\/\/asierymaria.com\/wp-content\/uploads\/2024\/08\/Cream-and-Black-Classic-Circular-Wedding-Monogram-Logo.png\" alt=\"\" class=\"wp-image-90\" srcset=\"https:\/\/asierymaria.com\/wp-content\/uploads\/2024\/08\/Cream-and-Black-Classic-Circular-Wedding-Monogram-Logo.png 500w, https:\/\/asierymaria.com\/wp-content\/uploads\/2024\/08\/Cream-and-Black-Classic-Circular-Wedding-Monogram-Logo-300x300.png 300w, https:\/\/asierymaria.com\/wp-content\/uploads\/2024\/08\/Cream-and-Black-Classic-Circular-Wedding-Monogram-Logo-150x150.png 150w\" sizes=\"(max-width: 500px) 100vw, 500px\" \/><\/figure>\n<\/div>","protected":false},"excerpt":{"rendered":"<p>Para llegar, habr\u00e1 opci\u00f3n de autob\u00fas privado desde Galdakao, pasando por la explanada de San Mam\u00e9s, junto a la salida del ascensor del metro. Desde ah\u00ed, os llevar\u00e1 al restaurante y, al finalizar la fiesta, volver\u00e1 a la misma explanada de San Mam\u00e9s, y a Galdakao. Si os anim\u00e1is a esta opci\u00f3n, indicadlo en la [&hellip;]<\/p>\n","protected":false},"author":1,"featured_media":0,"parent":0,"menu_order":0,"comment_status":"closed","ping_status":"closed","template":"","meta":{"footnotes":""},"class_list":["post-114","page","type-page","status-publish","hentry"],"_links":{"self":[{"href":"https:\/\/asierymaria.com\/index.php\/wp-json\/wp\/v2\/pages\/114","targetHints":{"allow":["GET"]}}],"collection":[{"href":"https:\/\/asierymaria.com\/index.php\/wp-json\/wp\/v2\/pages"}],"about":[{"href":"https:\/\/asierymaria.com\/index.php\/wp-json\/wp\/v2\/types\/page"}],"author":[{"embeddable":true,"href":"https:\/\/asierymaria.com\/index.php\/wp-json\/wp\/v2\/users\/1"}],"replies":[{"embeddable":true,"href":"https:\/\/asierymaria.com\/index.php\/wp-json\/wp\/v2\/comments?post=114"}],"version-history":[{"count":36,"href":"https:\/\/asierymaria.com\/index.php\/wp-json\/wp\/v2\/pages\/114\/revisions"}],"predecessor-version":[{"id":557,"href":"https:\/\/asierymaria.com\/index.php\/wp-json\/wp\/v2\/pages\/114\/revisions\/557"}],"wp:attachment":[{"href":"https:\/\/asierymaria.com\/index.php\/wp-json\/wp\/v2\/media?parent=114"}],"curies":[{"name":"wp","href":"https:\/\/api.w.org\/{rel}","templated":true}]}}